{"id":8675,"date":"2025-02-05T21:30:14","date_gmt":"2025-02-05T20:30:14","guid":{"rendered":"https:\/\/simunich.com\/?page_id=8675"},"modified":"2025-03-06T22:02:51","modified_gmt":"2025-03-06T21:02:51","slug":"lebenslauf-service","status":"publish","type":"page","link":"https:\/\/www.simunich.com\/en\/lebenslauf-service\/","title":{"rendered":"CV Service"},"content":{"rendered":"\t\t<div data-elementor-type=\"wp-page\" data-elementor-id=\"8675\" class=\"elementor elementor-8675\">\n\t\t\t\t\t\t<section class=\"elementor-section elementor-top-section elementor-element elementor-element-4d33abb elementor-section-boxed elementor-section-height-default elementor-section-height-default\" data-id=\"4d33abb\" data-element_type=\"section\" data-e-type=\"section\">\n\t\t\t\t\t\t<div class=\"elementor-container elementor-column-gap-default\">\n\t\t\t\t\t<div class=\"elementor-column elementor-col-100 elementor-top-column elementor-element elementor-element-39481ead\" data-id=\"39481ead\" data-element_type=\"column\" data-e-type=\"column\" data-settings=\"{&quot;background_background&quot;:&quot;classic&quot;}\">\n\t\t\t<div class=\"elementor-widget-wrap elementor-element-populated\">\n\t\t\t\t\t\t<div class=\"elementor-element elementor-element-60ca23a elementor-widget elementor-widget-heading\" data-id=\"60ca23a\" data-element_type=\"widget\" data-e-type=\"widget\" data-widget_type=\"heading.default\">\n\t\t\t\t<div class=\"elementor-widget-container\">\n\t\t\t\t\t<h2 class=\"elementor-heading-title elementor-size-default\">Von der Bewerbung zum Traumjob - so stechen Sie heraus!<\/h2>\t\t\t\t<\/div>\n\t\t\t\t<\/div>\n\t\t\t\t<div class=\"elementor-element elementor-element-bf30900 elementor-widget elementor-widget-text-editor\" data-id=\"bf30900\" data-element_type=\"widget\" data-e-type=\"widget\" data-widget_type=\"text-editor.default\">\n\t\t\t\t<div class=\"elementor-widget-container\">\n\t\t\t\t\t\t\t\t\tSuchen Sie nach Ihrem n\u00e4chsten Karriereschritt? Ganz gleich, ob Sie ein frischer Hochschulabsolvent, eine Fachkraft auf mittlerer Ebene oder eine erfahrene F\u00fchrungskraft sind &#8211; ein gut gestalteter Lebenslauf kann der Schl\u00fcssel zu neuen M\u00f6glichkeiten sein.\n<\/br><\/br>Wir sind darauf spezialisiert, aussagekr\u00e4ftige, professionelle und pers\u00f6nliche Lebensl\u00e4ufe zu erstellen, mit denen Sie sich auf dem Arbeitsmarkt hervorheben.\t\t\t\t\t\t\t\t<\/div>\n\t\t\t\t<\/div>\n\t\t\t\t<div class=\"elementor-element elementor-element-d98f0d6 elementor-widget elementor-widget-text-editor\" data-id=\"d98f0d6\" data-element_type=\"widget\" data-e-type=\"widget\" data-widget_type=\"text-editor.default\">\n\t\t\t\t<div class=\"elementor-widget-container\">\n\t\t\t\t\t\t\t\t\t<p>\u2705 Ma\u00dfgeschneiderte Lebensl\u00e4ufe &#8211; Heben Sie Ihre F\u00e4higkeiten, Erfahrungen und Leistungen wirkungsvoll hervor<br \/>\u2705 Professionelle Formatierung &#8211; Saubere, moderne und einstellungsfreundliche Gestaltung<br \/>\u2705 Professionelles Anschreiben und Lebenslauf in deutscher oder englischer Sprache (PowerPoint und PDF)<br \/>\u2705 Schnelle Bearbeitungszeit &#8211; Erstellen Sie Ihren Lebenslauf in Rekordzeit<\/p>\t\t\t\t\t\t\t\t<\/div>\n\t\t\t\t<\/div>\n\t\t\t\t<div class=\"elementor-element elementor-element-227efa1 elementor-widget elementor-widget-text-editor\" data-id=\"227efa1\" data-element_type=\"widget\" data-e-type=\"widget\" data-widget_type=\"text-editor.default\">\n\t\t\t\t<div class=\"elementor-widget-container\">\n\t\t\t\t\t\t\t\t\t<p>Preisgestaltung:<br \/>\ud83d\udccc 2-seitiger Lebenslauf (inkl. Anschreiben) &#8211; \u20ac178,49<br \/>\ud83d\udccc 4-seitiger Lebenslauf (inkl. Anschreiben) &#8211; \u20ac237,99<br \/>\ud83d\udccc 4+ Seiten Lebenslauf (inkl. Anschreiben) &#8211; \u20ac416,49<\/p>\t\t\t\t\t\t\t\t<\/div>\n\t\t\t\t<\/div>\n\t\t\t\t<div class=\"elementor-element elementor-element-8f4d613 elementor-widget elementor-widget-text-editor\" data-id=\"8f4d613\" data-element_type=\"widget\" data-e-type=\"widget\" data-widget_type=\"text-editor.default\">\n\t\t\t\t<div class=\"elementor-widget-container\">\n\t\t\t\t\t\t\t\t\t<p>\ud83d\udcb3 Zahlungsm\u00f6glichkeiten:<br \/>Wir akzeptieren Zahlungen per Bank\u00fcberweisung oder PayPal. Sobald die Zahlung eingegangen ist, beginnen wir mit der Erstellung oder \u00dcberarbeitung Ihres Lebenslaufs.<\/p><p>\ud83d\ude80 So funktioniert es:<br \/>1\ufe0f\u20e3 F\u00fcllen Sie das untenstehende Formular mit Ihren Angaben aus.<br \/>2\ufe0f\u20e3 W\u00e4hlen Sie Ihr Lebenslauf-Paket.<br \/>3\ufe0f\u20e3 Zahlen Sie per Bank\u00fcberweisung oder PayPal.<br \/>4\ufe0f\u20e3 Sobald die Zahlung eingegangen ist, beginnen wir mit der Erstellung Ihres neuen Lebenslaufs.<br \/>5\ufe0f\u20e3 Erhalten Sie Ihren professionell verfassten Lebenslauf und Ihr Anschreiben und machen Sie sich bereit f\u00fcr Ihr n\u00e4chstes Vorstellungsgespr\u00e4ch!<\/p><p>\ud83d\udcc7 Mit unserem umfangreichen Netzwerk und unseren Kunden arbeiten wir mit Ihnen zusammen, um passende Stellen bei einem unserer Kunden zu finden.<\/p>\t\t\t\t\t\t\t\t<\/div>\n\t\t\t\t<\/div>\n\t\t\t\t<div class=\"elementor-element elementor-element-1b546ebb elementor-widget elementor-widget-text-editor\" data-id=\"1b546ebb\" data-element_type=\"widget\" data-e-type=\"widget\" data-widget_type=\"text-editor.default\">\n\t\t\t\t<div class=\"elementor-widget-container\">\n\t\t\t\t\t\t\t\t\t<h2>Lebenslauf-Service Formular<\/h2><p>Bitte vergewissern Sie sich, dass Sie den gew\u00fcnschten Lebenslauf-Service ausw\u00e4hlen, da \u00c4nderungen nach Zahlungseingang innerhalb von 24 Stunden nach Ihrer Bestellung nicht mehr m\u00f6glich sind. Stellen Sie sicher, dass alle Informationen angegeben sind.<\/p>\t\t\t\t\t\t\t\t<\/div>\n\t\t\t\t<\/div>\n\t\t\t\t<div class=\"elementor-element elementor-element-c03c588 elementor-button-align-start elementor-widget elementor-widget-form\" data-id=\"c03c588\" data-element_type=\"widget\" data-e-type=\"widget\" data-settings=\"{&quot;button_width&quot;:&quot;40&quot;,&quot;step_type&quot;:&quot;number_text&quot;,&quot;step_icon_shape&quot;:&quot;circle&quot;}\" data-widget_type=\"form.default\">\n\t\t\t\t<div class=\"elementor-widget-container\">\n\t\t\t\t\t        <input type=\"hidden\" class=\"conditional_logic_data_js hidden\" data-form-id=\"CV Form\" value=\"{&quot;field_fd53592&quot;:{&quot;display&quot;:&quot;show&quot;,&quot;trigger&quot;:&quot;ANY&quot;,&quot;datas&quot;:[{&quot;conditional_logic_id&quot;:&quot;field_b3957cf&quot;,&quot;conditional_logic_operator&quot;:&quot;c&quot;,&quot;conditional_logic_value&quot;:&quot;Bank\\u00fcberweisung&quot;,&quot;_id&quot;:&quot;1501f48&quot;}]},&quot;field_ffa7fc4&quot;:{&quot;display&quot;:&quot;show&quot;,&quot;trigger&quot;:&quot;ANY&quot;,&quot;datas&quot;:[{&quot;conditional_logic_id&quot;:&quot;field_b3957cf&quot;,&quot;conditional_logic_operator&quot;:&quot;c&quot;,&quot;conditional_logic_value&quot;:&quot;PayPal&quot;,&quot;_id&quot;:&quot;1501f48&quot;}]}}\" \/>\r\n\t\t<form class=\"elementor-form\" method=\"post\" name=\"CV Form\">\n\t\t\t<input type=\"hidden\" name=\"post_id\" value=\"8675\"\/>\n\t\t\t<input type=\"hidden\" name=\"form_id\" value=\"c03c588\"\/>\n\t\t\t<input type=\"hidden\" name=\"referer_title\" value=\"\" \/>\n\n\t\t\t\n\t\t\t<div class=\"elementor-form-fields-wrapper elementor-labels-above\">\n\t\t\t\t\t\t\t\t<div class=\"elementor-field-type-text elementor-field-group elementor-column elementor-field-group-name elementor-col-40 elementor-field-required elementor-mark-required\">\n\t\t\t\t\t\t\t\t\t\t\t\t<label for=\"form-field-name\" class=\"elementor-field-label\">\n\t\t\t\t\t\t\t\tName:\t\t\t\t\t\t\t<\/label>\n\t\t\t\t\t\t\t\t\t\t\t\t\t\t<input size=\"1\" type=\"text\" name=\"form_fields[name]\" id=\"form-field-name\" class=\"elementor-field elementor-size-sm  elementor-field-textual\" placeholder=\"Name\" required=\"required\" aria-required=\"true\">\n\t\t\t\t\t\t\t\t\t\t\t<\/div>\n\t\t\t\t\t\t\t\t<div class=\"elementor-field-type-email elementor-field-group elementor-column elementor-field-group-email elementor-col-40 elementor-field-required elementor-mark-required\">\n\t\t\t\t\t\t\t\t\t\t\t\t<label for=\"form-field-email\" class=\"elementor-field-label\">\n\t\t\t\t\t\t\t\tE-Mail:\t\t\t\t\t\t\t<\/label>\n\t\t\t\t\t\t\t\t\t\t\t\t\t\t<input size=\"1\" type=\"email\" name=\"form_fields[email]\" id=\"form-field-email\" class=\"elementor-field elementor-size-sm  elementor-field-textual\" placeholder=\"E-Mail\" required=\"required\" aria-required=\"true\">\n\t\t\t\t\t\t\t\t\t\t\t<\/div>\n\t\t\t\t\t\t\t\t<div class=\"elementor-field-type-tel elementor-field-group elementor-column elementor-field-group-field_7430270 elementor-col-40 elementor-field-required elementor-mark-required\">\n\t\t\t\t\t\t\t\t\t\t\t\t<label for=\"form-field-field_7430270\" class=\"elementor-field-label\">\n\t\t\t\t\t\t\t\tTelefon:\t\t\t\t\t\t\t<\/label>\n\t\t\t\t\t\t\t\t<input size=\"1\" type=\"tel\" name=\"form_fields[field_7430270]\" id=\"form-field-field_7430270\" class=\"elementor-field elementor-size-sm  elementor-field-textual\" placeholder=\"Telefon\" required=\"required\" aria-required=\"true\" pattern=\"[0-9()#&amp;+*-=.]+\" title=\"Only numbers and phone characters (#, -, *, etc) are accepted.\">\n\n\t\t\t\t\t\t<\/div>\n\t\t\t\t\t\t\t\t<div class=\"elementor-field-type-html1 elementor-field-group elementor-column elementor-field-group-field_47dea4b elementor-col-100\">\n\t\t\t\t\t\t\t<div class=\"elementor-field-html-type\" id=\"form-field-field_47dea4b\">\r\n\t\t\t<\/br>\t\t<\/div>\r\n\t\t\t\t\t\t<\/div>\n\t\t\t\t\t\t\t\t<div class=\"elementor-field-type-select elementor-field-group elementor-column elementor-field-group-field_1c04409 elementor-col-60 elementor-field-required elementor-mark-required\">\n\t\t\t\t\t\t\t\t\t\t\t\t<label for=\"form-field-field_1c04409\" class=\"elementor-field-label\">\n\t\t\t\t\t\t\t\tLebenslauf-Paket:\t\t\t\t\t\t\t<\/label>\n\t\t\t\t\t\t\t\t<div class=\"elementor-field elementor-select-wrapper remove-before \">\n\t\t\t<div class=\"select-caret-down-wrapper\">\n\t\t\t\t<i aria-hidden=\"true\" class=\"eicon-caret-down\"><\/i>\t\t\t<\/div>\n\t\t\t<select name=\"form_fields[field_1c04409]\" id=\"form-field-field_1c04409\" class=\"elementor-field-textual elementor-size-sm\" required=\"required\" aria-required=\"true\">\n\t\t\t\t\t\t\t\t\t<option value=\"2-seitiger Lebenslauf (inkl. Anschreiben) - \u20ac178,49\">2-seitiger Lebenslauf (inkl. Anschreiben) - \u20ac178,49<\/option>\n\t\t\t\t\t\t\t\t\t<option value=\"4-seitiger Lebenslauf (inkl. Anschreiben) - \u20ac237,99\">4-seitiger Lebenslauf (inkl. Anschreiben) - \u20ac237,99<\/option>\n\t\t\t\t\t\t\t\t\t<option value=\"4+ Seiten Lebenslauf (inkl. Anschreiben) - \u20ac416,49\">4+ Seiten Lebenslauf (inkl. Anschreiben) - \u20ac416,49<\/option>\n\t\t\t\t\t\t\t<\/select>\n\t\t<\/div>\n\t\t\t\t\t\t<\/div>\n\t\t\t\t\t\t\t\t<div class=\"elementor-field-type-select elementor-field-group elementor-column elementor-field-group-field_b3957cf elementor-col-40 elementor-field-required elementor-mark-required\">\n\t\t\t\t\t\t\t\t\t\t\t\t<label for=\"form-field-field_b3957cf\" class=\"elementor-field-label\">\n\t\t\t\t\t\t\t\tZahlung:\t\t\t\t\t\t\t<\/label>\n\t\t\t\t\t\t\t\t<div class=\"elementor-field elementor-select-wrapper remove-before \">\n\t\t\t<div class=\"select-caret-down-wrapper\">\n\t\t\t\t<i aria-hidden=\"true\" class=\"eicon-caret-down\"><\/i>\t\t\t<\/div>\n\t\t\t<select name=\"form_fields[field_b3957cf]\" id=\"form-field-field_b3957cf\" class=\"elementor-field-textual elementor-size-sm\" required=\"required\" aria-required=\"true\">\n\t\t\t\t\t\t\t\t\t<option value=\"Bank\u00fcberweisung\">Bank\u00fcberweisung<\/option>\n\t\t\t\t\t\t\t\t\t<option value=\"PayPal\">PayPal<\/option>\n\t\t\t\t\t\t\t<\/select>\n\t\t<\/div>\n\t\t\t\t\t\t<\/div>\n\t\t\t\t\t\t\t\t<div class=\"elementor-field-type-textarea elementor-field-group elementor-column elementor-field-group-field_fd53592 elementor-col-50\">\n\t\t\t\t\t\t\t\t\t\t\t\t<label for=\"form-field-field_fd53592\" class=\"elementor-field-label\">\n\t\t\t\t\t\t\t\tBank Information:\t\t\t\t\t\t\t<\/label>\n\t\t\t\t\t\t<textarea class=\"elementor-field-textual elementor-field  elementor-size-sm\" name=\"form_fields[field_fd53592]\" id=\"form-field-field_fd53592\" rows=\"3\" placeholder=\"Name: SIMunich GmbH - IBAN: DE18 7015 0000 1003 3820 07 - BIC: SSKMDEMMXXX - Bank: Stadtsparkasse M\u00fcnchen\"><\/textarea>\t\t\t\t<\/div>\n\t\t\t\t\t\t\t\t<div class=\"elementor-field-type-html1 elementor-field-group elementor-column elementor-field-group-field_ffa7fc4 elementor-col-100\">\n\t\t\t\t\t\t\t\t\t\t\t\t<label for=\"form-field-field_ffa7fc4\" class=\"elementor-field-label\">\n\t\t\t\t\t\t\t\tPayPal Information:\t\t\t\t\t\t\t<\/label>\n\t\t\t\t\t\t\t\t<div class=\"elementor-field-html-type\" id=\"form-field-field_ffa7fc4\">\r\n\t\t\t<script src=\"https:\/\/www.paypal.com\/sdk\/js?client-id=BAAWcRh_bfM98Q0AwKqhwNwY8ybGlQa1PCrWrIcBFg3cA-twLfSbGliRSl-UIcWbt-W854SIk95TvdCgxE&components=hosted-buttons&disable-funding=venmo&currency=EUR\"><\/script>\n<div id=\"paypal-container-53DUR6QRG3YV2\"><\/div>\n<script>\n  paypal.HostedButtons({\n    hostedButtonId: \"53DUR6QRG3YV2\",\n  }).render(\"#paypal-container-53DUR6QRG3YV2\")\n<\/script>\t\t<\/div>\r\n\t\t\t\t\t\t<\/div>\n\t\t\t\t\t\t\t\t<div class=\"elementor-field-type-textarea elementor-field-group elementor-column elementor-field-group-field_12beff8 elementor-col-80\">\n\t\t\t\t\t\t\t\t\t\t\t\t<label for=\"form-field-field_12beff8\" class=\"elementor-field-label\">\n\t\t\t\t\t\t\t\tZus\u00e4tzliche Informationen:\t\t\t\t\t\t\t<\/label>\n\t\t\t\t\t\t<textarea class=\"elementor-field-textual elementor-field  elementor-size-sm\" name=\"form_fields[field_12beff8]\" id=\"form-field-field_12beff8\" rows=\"4\"><\/textarea>\t\t\t\t<\/div>\n\t\t\t\t\t\t\t\t<div class=\"elementor-field-type-upload elementor-field-group elementor-column elementor-field-group-field_7ad3d24 elementor-col-40\">\n\t\t\t\t\t\t\t\t\t\t\t\t<label for=\"form-field-field_7ad3d24\" class=\"elementor-field-label\">\n\t\t\t\t\t\t\t\tLebenslauf hochladen\t\t\t\t\t\t\t<\/label>\n\t\t\t\t\t\t\t\t<input type=\"file\" name=\"form_fields[field_7ad3d24]\" id=\"form-field-field_7ad3d24\" class=\"elementor-field elementor-size-sm  elementor-upload-field\">\n\n\t\t\t\t\t\t<\/div>\n\t\t\t\t\t\t\t\t<div class=\"elementor-field-type-html1 elementor-field-group elementor-column elementor-field-group-field_ec7ced1 elementor-col-100\">\n\t\t\t\t\t\t\t<div class=\"elementor-field-html-type\" id=\"form-field-field_ec7ced1\">\r\n\t\t\t<\/br>\t\t<\/div>\r\n\t\t\t\t\t\t<\/div>\n\t\t\t\t\t\t\t\t<div class=\"elementor-field-type-acceptance elementor-field-group elementor-column elementor-field-group-field_dc1fe92 elementor-col-100 elementor-field-required elementor-mark-required\">\n\t\t\t\t\t\t\t\t\t\t\t\t<label for=\"form-field-field_dc1fe92\" class=\"elementor-field-label\">\n\t\t\t\t\t\t\t\tKeine Erstattungspolitik:\t\t\t\t\t\t\t<\/label>\n\t\t\t\t\t\t\t\t<div class=\"elementor-field-subgroup\">\n\t\t\t<span class=\"elementor-field-option\">\n\t\t\t\t<input type=\"checkbox\" name=\"form_fields[field_dc1fe92]\" id=\"form-field-field_dc1fe92\" class=\"elementor-field elementor-size-sm  elementor-acceptance-field\" required=\"required\" aria-required=\"true\">\n\t\t\t\t<label for=\"form-field-field_dc1fe92\">Aufgrund der Art unserer Dienstleistungen ist eine R\u00fcckerstattung nicht m\u00f6glich. Wenn Sie jedoch Ihre Bestellung stornieren m\u00f6chten, m\u00fcssen Sie dies innerhalb von 24 Stunden nach dem Kauf tun. Bei Stornierungen, die nach 24 Stunden erfolgen, ist keine R\u00fcckerstattung mehr m\u00f6glich. Ich erkl\u00e4re mich hiermit mit dieser Politik einverstanden.<\/label>\t\t\t<\/span>\n\t\t<\/div>\n\t\t\t\t\t\t<\/div>\n\t\t\t\t\t\t\t\t<div class=\"elementor-field-type-acceptance elementor-field-group elementor-column elementor-field-group-field_3c43922 elementor-col-80 elementor-field-required elementor-mark-required\">\n\t\t\t\t\t\t\t\t\t\t\t\t<label for=\"form-field-field_3c43922\" class=\"elementor-field-label\">\n\t\t\t\t\t\t\t\tDatenschutz & GDPR-Konformit\u00e4t:\t\t\t\t\t\t\t<\/label>\n\t\t\t\t\t\t\t\t<div class=\"elementor-field-subgroup\">\n\t\t\t<span class=\"elementor-field-option\">\n\t\t\t\t<input type=\"checkbox\" name=\"form_fields[field_3c43922]\" id=\"form-field-field_3c43922\" class=\"elementor-field elementor-size-sm  elementor-acceptance-field\" required=\"required\" aria-required=\"true\">\n\t\t\t\t<label for=\"form-field-field_3c43922\">Wir respektieren Ihre Privatsph\u00e4re und halten uns an die GDPR (General Data Protection Regulation). Ihre pers\u00f6nlichen Daten werden ausschlie\u00dflich f\u00fcr die Erstellung Ihres Lebenslaufs verwendet und nicht an Dritte weitergegeben. Mit der \u00dcbermittlung Ihrer Informationen erkl\u00e4ren Sie sich damit einverstanden, dass wir Ihre Daten f\u00fcr diesen Dienst verarbeiten.<\/label>\t\t\t<\/span>\n\t\t<\/div>\n\t\t\t\t\t\t<\/div>\n\t\t\t\t\t\t\t\t<div class=\"elementor-field-group elementor-column elementor-field-type-submit elementor-col-40 e-form__buttons\">\n\t\t\t\t\t<button type=\"submit\" class=\"elementor-button elementor-size-sm\">\n\t\t\t\t\t\t<span >\n\t\t\t\t\t\t\t\t\t\t\t\t\t\t\t<span class=\" elementor-button-icon\">\n\t\t\t\t\t\t\t\t\t\t\t\t\t\t\t\t\t\t\t\t\t\t\t\t\t\t<\/span>\n\t\t\t\t\t\t\t\t\t\t\t\t\t\t\t\t\t\t\t\t\t\t<span class=\"elementor-button-text\">Senden Sie<\/span>\n\t\t\t\t\t\t\t\t\t\t\t\t\t<\/span>\n\t\t\t\t\t<\/button>\n\t\t\t\t<\/div>\n\t\t\t<\/div>\n\t\t<\/form>\n\t\t\t\t\t\t<\/div>\n\t\t\t\t<\/div>\n\t\t\t\t\t<\/div>\n\t\t<\/div>\n\t\t\t\t\t<\/div>\n\t\t<\/section>\n\t\t\t\t<\/div>\n\t\t","protected":false},"excerpt":{"rendered":"<p>Von der Bewerbung zum Traumjob &#8211; so stechen Sie heraus! Suchen Sie nach Ihrem n\u00e4chsten Karriereschritt? Ganz gleich, ob Sie ein frischer Hochschulabsolvent, eine Fachkraft auf mittlerer Ebene oder eine erfahrene F\u00fchrungskraft sind &#8211; ein gut gestalteter Lebenslauf kann der Schl\u00fcssel zu neuen M\u00f6glichkeiten sein. Wir sind darauf spezialisiert, aussagekr\u00e4ftige, professionelle und pers\u00f6nliche Lebensl\u00e4ufe zu [&hellip;]<\/p>\n","protected":false},"author":1,"featured_media":0,"parent":0,"menu_order":0,"comment_status":"closed","ping_status":"closed","template":"","meta":{"_eb_attr":"","site-sidebar-layout":"no-sidebar","site-content-layout":"page-builder","ast-site-content-layout":"full-width-container","site-content-style":"default","site-sidebar-style":"default","ast-global-header-display":"","ast-banner-title-visibility":"","ast-main-header-display":"","ast-hfb-above-header-display":"","ast-hfb-below-header-display":"","ast-hfb-mobile-header-display":"","site-post-title":"disabled","ast-breadcrumbs-content":"","ast-featured-img":"disabled","footer-sml-layout":"","ast-disable-related-posts":"","theme-transparent-header-meta":"","adv-header-id-meta":"","stick-header-meta":"","header-above-stick-meta":"","header-main-stick-meta":"","header-below-stick-meta":"","astra-migrate-meta-layouts":"set","ast-page-background-enabled":"default","ast-page-background-meta":{"desktop":{"background-color":"","background-image":"","background-repeat":"repeat","background-position":"center center","background-size":"auto","background-attachment":"scroll","background-type":"","background-media":"","overlay-type":"","overlay-color":"","overlay-opacity":"","overlay-gradient":""},"tablet":{"background-color":"","background-image":"","background-repeat":"repeat","background-position":"center center","background-size":"auto","background-attachment":"scroll","background-type":"","background-media":"","overlay-type":"","overlay-color":"","overlay-opacity":"","overlay-gradient":""},"mobile":{"background-color":"","background-image":"","background-repeat":"repeat","background-position":"center center","background-size":"auto","background-attachment":"scroll","background-type":"","background-media":"","overlay-type":"","overlay-color":"","overlay-opacity":"","overlay-gradient":""}},"ast-content-background-meta":{"desktop":{"background-color":"var(--ast-global-color-5)","background-image":"","background-repeat":"repeat","background-position":"center center","background-size":"auto","background-attachment":"scroll","background-type":"","background-media":"","overlay-type":"","overlay-color":"","overlay-opacity":"","overlay-gradient":""},"tablet":{"background-color":"var(--ast-global-color-5)","background-image":"","background-repeat":"repeat","background-position":"center center","background-size":"auto","background-attachment":"scroll","background-type":"","background-media":"","overlay-type":"","overlay-color":"","overlay-opacity":"","overlay-gradient":""},"mobile":{"background-color":"var(--ast-global-color-5)","background-image":"","background-repeat":"repeat","background-position":"center center","background-size":"auto","background-attachment":"scroll","background-type":"","background-media":"","overlay-type":"","overlay-color":"","overlay-opacity":"","overlay-gradient":""}},"footnotes":""},"class_list":["post-8675","page","type-page","status-publish","hentry"],"_links":{"self":[{"href":"https:\/\/www.simunich.com\/en\/wp-json\/wp\/v2\/pages\/8675","targetHints":{"allow":["GET"]}}],"collection":[{"href":"https:\/\/www.simunich.com\/en\/wp-json\/wp\/v2\/pages"}],"about":[{"href":"https:\/\/www.simunich.com\/en\/wp-json\/wp\/v2\/types\/page"}],"author":[{"embeddable":true,"href":"https:\/\/www.simunich.com\/en\/wp-json\/wp\/v2\/users\/1"}],"replies":[{"embeddable":true,"href":"https:\/\/www.simunich.com\/en\/wp-json\/wp\/v2\/comments?post=8675"}],"version-history":[{"count":5,"href":"https:\/\/www.simunich.com\/en\/wp-json\/wp\/v2\/pages\/8675\/revisions"}],"predecessor-version":[{"id":8758,"href":"https:\/\/www.simunich.com\/en\/wp-json\/wp\/v2\/pages\/8675\/revisions\/8758"}],"wp:attachment":[{"href":"https:\/\/www.simunich.com\/en\/wp-json\/wp\/v2\/media?parent=8675"}],"curies":[{"name":"wp","href":"https:\/\/api.w.org\/{rel}","templated":true}]}}