{"id":7727,"date":"2024-01-18T22:11:10","date_gmt":"2024-01-18T21:11:10","guid":{"rendered":"http:\/\/simnew.dctesting.net\/?page_id=7727"},"modified":"2024-10-05T00:25:41","modified_gmt":"2024-10-04T22:25:41","slug":"impressum","status":"publish","type":"page","link":"https:\/\/www.simunich.com\/en\/impressum\/","title":{"rendered":"Legal Notice"},"content":{"rendered":"<div data-elementor-type=\"wp-post\" data-elementor-id=\"7727\" class=\"elementor elementor-7727\">\n\t\t\t\t\t\t<section class=\"elementor-section elementor-top-section elementor-element elementor-element-nrlushn elementor-section-stretched elementor-section-boxed elementor-section-height-default elementor-section-height-default\" data-id=\"nrlushn\" data-element_type=\"section\" data-e-type=\"section\" data-settings=\"{&quot;stretch_section&quot;:&quot;section-stretched&quot;,&quot;background_background&quot;:&quot;classic&quot;}\">\n\t\t\t\t\t\t\t<div class=\"elementor-background-overlay\"><\/div>\n\t\t\t\t\t\t\t<div class=\"elementor-container elementor-column-gap-no\">\n\t\t\t\t\t<div class=\"elementor-column elementor-col-100 elementor-top-column elementor-element elementor-element-sczfwmc\" data-id=\"sczfwmc\" data-element_type=\"column\" data-e-type=\"column\">\n\t\t\t<div class=\"elementor-widget-wrap elementor-element-populated\">\n\t\t\t\t\t\t<div class=\"elementor-element elementor-element-liseegd elementor-widget elementor-widget-heading\" data-id=\"liseegd\" data-element_type=\"widget\" data-e-type=\"widget\" data-widget_type=\"heading.default\">\n\t\t\t\t<div class=\"elementor-widget-container\">\n\t\t\t\t\t<h1 class=\"elementor-heading-title elementor-size-default\">Legal Notice<\/h1>\t\t\t\t<\/div>\n\t\t\t\t<\/div>\n\t\t\t\t\t<\/div>\n\t\t<\/div>\n\t\t\t\t\t<\/div>\n\t\t<\/section>\n\t\t\t\t<section class=\"elementor-section elementor-top-section elementor-element elementor-element-hxtiosr elementor-section-stretched elementor-section-full_width elementor-section-height-default elementor-section-height-default\" data-id=\"hxtiosr\" data-element_type=\"section\" data-e-type=\"section\" data-settings=\"{&quot;stretch_section&quot;:&quot;section-stretched&quot;,&quot;background_background&quot;:&quot;classic&quot;}\">\n\t\t\t\t\t\t<div class=\"elementor-container elementor-column-gap-no\">\n\t\t\t\t\t<div class=\"elementor-column elementor-col-100 elementor-top-column elementor-element elementor-element-tdxertx\" data-id=\"tdxertx\" data-element_type=\"column\" data-e-type=\"column\">\n\t\t\t<div class=\"elementor-widget-wrap elementor-element-populated\">\n\t\t\t\t\t\t<section class=\"elementor-section elementor-inner-section elementor-element elementor-element-etrxvhj elementor-section-full_width elementor-section-height-default elementor-section-height-default\" data-id=\"etrxvhj\" data-element_type=\"section\" data-e-type=\"section\">\n\t\t\t\t\t\t<div class=\"elementor-container elementor-column-gap-no\">\n\t\t\t\t\t<div class=\"elementor-column elementor-col-100 elementor-inner-column elementor-element elementor-element-ujripfh\" data-id=\"ujripfh\" data-element_type=\"column\" data-e-type=\"column\">\n\t\t\t<div class=\"elementor-widget-wrap elementor-element-populated\">\n\t\t\t\t\t\t<div class=\"elementor-element elementor-element-d21d313 elementor-widget elementor-widget-text-editor\" data-id=\"d21d313\" data-element_type=\"widget\" data-e-type=\"widget\" data-widget_type=\"text-editor.default\">\n\t\t\t\t<div class=\"elementor-widget-container\">\n\t\t\t\t\t\t\t\t\t<p><strong>Information according to \u00a7 5 TMG<\/strong><br \/>SIMunich GmbH<br \/>Lerchenauer Stra\u00dfe 168<br \/>80935 Munich<\/p><p>Commercial register: HRB 190460<br \/>Register court: Munich Local Court<\/p><p>Represented by:<br \/>Evelyn Johaim, David Coletta<\/p><p>Contact:<br \/>Telephone: +49 (0)179 294 2748<br \/>E-Mail: &#x72;&#101;&#99;&#x72;&#x75;&#105;&#116;&#x6d;&#x65;&#110;&#116;&#x40;&#x73;&#105;&#109;&#x75;&#x6e;&#105;&#99;&#x68;&#x2e;&#99;&#111;&#x6d;<\/p><p>Tax ID:<br \/>Sales tax identification number according to \u00a7 27 a sales tax law:<br \/>DE275993216<\/p><p>Business registration:<br \/>The business registration according to \u00a715 and \u00a755c GewO was issued on January 24, 2011 by the District Administration Department of the City of Munich.<\/p><p>Supervisory authority:<br \/>Federal Employment Agency<br \/>Regensburger Stra\u00dfe 104<br \/>90478 Nuremberg<\/p><p>Telephone: +49 (0)911 1790<br \/>Fax: +49 (0)911 179-2123<\/p><p>E-Mail: &#x5a;&#101;&#110;t&#x72;&#x61;&#108;e&#x40;&#x61;&#114;b&#x65;&#x69;&#116;s&#x61;&#x67;&#101;n&#x74;&#x75;&#114;&#46;&#x64;&#x65;<\/p><p>https:\/\/www.arbeitsagentur.de\/<\/p><p>Information on professional liability insurance<br \/>Name and registered office of the insurer:<br \/>Versicherungskammer Bayern<br \/>Warngauer Stra\u00dfe 30<br \/>81539 Munich<\/p><p>Scope of the insurance:<br \/>EU<\/p><p>EU dispute settlement:<br \/>The European Commission provides a platform for online dispute resolution (OS): https:\/\/ec.europa.eu\/consumers\/odr\/<br \/>You can find our e-mail address in the legal notice above.<\/p><p>Consumer dispute resolution\/Universal arbitration board<br \/>We are not willing or obliged to participate in dispute resolution proceedings before a consumer arbitration board.<\/p><p>Liability for content:<br \/>As a service provider, we are responsible for our own content on these pages in accordance with Section 7 (1) TMG (German Telemedia Act) and general legislation. According to \u00a7\u00a7 8 to 10 TMG, however, we as a service provider are not obliged to monitor transmitted or stored third-party information or to investigate circumstances that indicate illegal activity.<\/p><p>Obligations to remove or block the use of information in accordance with general legislation remain unaffected by this. However, liability in this respect is only possible from the time we become aware of a specific infringement. As soon as we become aware of such infringements, we will remove this content immediately.<\/p><p>Liability for links:<br \/>Our website contains links to external third-party websites over whose content we have no influence. Therefore, we cannot accept any liability for this third-party content. The respective provider or operator of the pages is always responsible for the content of the linked pages. The linked pages were checked for possible legal violations at the time of linking. Illegal content was not recognizable at the time of linking.<\/p><p>However, permanent monitoring of the content of the linked pages is not reasonable without concrete evidence of an infringement. If we become aware of any legal infringements, we will remove such links immediately.<\/p><p>Copyright:<br \/>The content and works created by the site operators on these pages are subject to German copyright law. Duplication, processing, distribution and any form of commercialization of such material beyond the scope of the copyright law shall require the prior written consent of its respective author or creator. Downloads and copies of this site are only permitted for private, non-commercial use.<\/p><p>Insofar as the content on this site was not created by the operator, the copyrights of third parties are respected. In particular, third-party content is identified as such. Should you nevertheless become aware of a copyright infringement, please inform us accordingly. If we become aware of any infringements, we will remove such content immediately.<\/p>\t\t\t\t\t\t\t\t<\/div>\n\t\t\t\t<\/div>\n\t\t\t\t\t<\/div>\n\t\t<\/div>\n\t\t\t\t\t<\/div>\n\t\t<\/section>\n\t\t\t\t\t<\/div>\n\t\t<\/div>\n\t\t\t\t\t<\/div>\n\t\t<\/section>\n\t\t\t\t<\/div>","protected":false},"excerpt":{"rendered":"<p>Impressum Informationen nach \u00a7 5 TMGSIMunich GmbHLerchenauer Stra\u00dfe 16880935 M\u00fcnchen Handelsregister: HRB 190460Registergericht: Amtsgericht M\u00fcnchen Vertreten durch:Evelyn Johaim, David Coletta Kontakt:Telefon: +49 (0)179 294 2748E-Mail: &#x72;&#x65;&#x63;&#x72;&#117;&#105;&#116;&#109;ent&#x40;&#x73;&#x69;&#x6d;&#x75;&#110;&#105;&#99;h&#46;c&#x6f;&#x6d; Steuer-ID:Umsatzsteuer-Identifikationsnummer gem\u00e4\u00df \u00a7 27 a Umsatzsteuergesetz:DE275993216 Gewerbeanmeldung:Die Gewerbeanmeldung nach \u00a715 bzw. \u00a755c GewO wurde am 24.01.2011 durch das Kreisverwaltungsreferat der Landeshauptstadt M\u00fcnchen erteilt. Aufsichtsbeh\u00f6rde:Bundesagentur f\u00fcr ArbeitRegensburger Stra\u00dfe 10490478 N\u00fcrnberg [&hellip;]<\/p>\n","protected":false},"author":1,"featured_media":0,"parent":0,"menu_order":0,"comment_status":"closed","ping_status":"closed","template":"","meta":{"_eb_attr":"","site-sidebar-layout":"no-sidebar","site-content-layout":"page-builder","ast-site-content-layout":"default","site-content-style":"default","site-sidebar-style":"default","ast-global-header-display":"","ast-banner-title-visibility":"","ast-main-header-display":"","ast-hfb-above-header-display":"","ast-hfb-below-header-display":"","ast-hfb-mobile-header-display":"","site-post-title":"disabled","ast-breadcrumbs-content":"","ast-featured-img":"disabled","footer-sml-layout":"","ast-disable-related-posts":"","theme-transparent-header-meta":"enabled","adv-header-id-meta":"","stick-header-meta":"","header-above-stick-meta":"","header-main-stick-meta":"","header-below-stick-meta":"","astra-migrate-meta-layouts":"default","ast-page-background-enabled":"default","ast-page-background-meta":{"desktop":{"background-color":"","background-image":"","background-repeat":"repeat","background-position":"center center","background-size":"auto","background-attachment":"scroll","background-type":"","background-media":"","overlay-type":"","overlay-color":"","overlay-opacity":"","overlay-gradient":""},"tablet":{"background-color":"","background-image":"","background-repeat":"repeat","background-position":"center center","background-size":"auto","background-attachment":"scroll","background-type":"","background-media":"","overlay-type":"","overlay-color":"","overlay-opacity":"","overlay-gradient":""},"mobile":{"background-color":"","background-image":"","background-repeat":"repeat","background-position":"center center","background-size":"auto","background-attachment":"scroll","background-type":"","background-media":"","overlay-type":"","overlay-color":"","overlay-opacity":"","overlay-gradient":""}},"ast-content-background-meta":{"desktop":{"background-color":"var(--ast-global-color-5)","background-image":"","background-repeat":"repeat","background-position":"center center","background-size":"auto","background-attachment":"scroll","background-type":"","background-media":"","overlay-type":"","overlay-color":"","overlay-opacity":"","overlay-gradient":""},"tablet":{"background-color":"var(--ast-global-color-5)","background-image":"","background-repeat":"repeat","background-position":"center center","background-size":"auto","background-attachment":"scroll","background-type":"","background-media":"","overlay-type":"","overlay-color":"","overlay-opacity":"","overlay-gradient":""},"mobile":{"background-color":"var(--ast-global-color-5)","background-image":"","background-repeat":"repeat","background-position":"center center","background-size":"auto","background-attachment":"scroll","background-type":"","background-media":"","overlay-type":"","overlay-color":"","overlay-opacity":"","overlay-gradient":""}},"footnotes":""},"class_list":["post-7727","page","type-page","status-publish","hentry"],"_links":{"self":[{"href":"https:\/\/www.simunich.com\/en\/wp-json\/wp\/v2\/pages\/7727","targetHints":{"allow":["GET"]}}],"collection":[{"href":"https:\/\/www.simunich.com\/en\/wp-json\/wp\/v2\/pages"}],"about":[{"href":"https:\/\/www.simunich.com\/en\/wp-json\/wp\/v2\/types\/page"}],"author":[{"embeddable":true,"href":"https:\/\/www.simunich.com\/en\/wp-json\/wp\/v2\/users\/1"}],"replies":[{"embeddable":true,"href":"https:\/\/www.simunich.com\/en\/wp-json\/wp\/v2\/comments?post=7727"}],"version-history":[{"count":5,"href":"https:\/\/www.simunich.com\/en\/wp-json\/wp\/v2\/pages\/7727\/revisions"}],"predecessor-version":[{"id":8372,"href":"https:\/\/www.simunich.com\/en\/wp-json\/wp\/v2\/pages\/7727\/revisions\/8372"}],"wp:attachment":[{"href":"https:\/\/www.simunich.com\/en\/wp-json\/wp\/v2\/media?parent=7727"}],"curies":[{"name":"wp","href":"https:\/\/api.w.org\/{rel}","templated":true}]}}